{"id":26515,"date":"2024-08-14T12:11:22","date_gmt":"2024-08-14T12:11:22","guid":{"rendered":"https:\/\/smartextract.ai\/?page_id=26515"},"modified":"2025-07-31T18:57:10","modified_gmt":"2025-07-31T18:57:10","slug":"ueber-uns","status":"publish","type":"page","link":"https:\/\/smartextract.ai\/de\/ueber-uns\/","title":{"rendered":"\u00dcber uns"},"content":{"rendered":"\t\t<div data-elementor-type=\"wp-page\" data-elementor-id=\"26515\" class=\"elementor elementor-26515\" data-elementor-post-type=\"page\">\n\t\t\t\t<div class=\"elementor-element elementor-element-4f62df7 e-flex e-con-boxed e-con e-parent\" data-id=\"4f62df7\" data-element_type=\"container\" data-e-type=\"container\">\n\t\t\t\t\t<div class=\"e-con-inner\">\n\t\t<div class=\"elementor-element elementor-element-6fc36ee e-con-full e-flex e-con e-child\" data-id=\"6fc36ee\" data-element_type=\"container\" data-e-type=\"container\">\n\t\t\t\t<div class=\"elementor-element elementor-element-bcc24c0 elementor-widget elementor-widget-heading\" data-id=\"bcc24c0\" data-element_type=\"widget\" data-e-type=\"widget\" data-widget_type=\"heading.default\">\n\t\t\t\t<div class=\"elementor-widget-container\">\n\t\t\t\t\t<h2 class=\"elementor-heading-title elementor-size-default\">Wer Sind Wir?<\/h2>\t\t\t\t<\/div>\n\t\t\t\t<\/div>\n\t\t\t\t<div class=\"elementor-element elementor-element-67ae62d elementor-widget-divider--view-line elementor-widget elementor-widget-divider\" data-id=\"67ae62d\" data-element_type=\"widget\" data-e-type=\"widget\" data-widget_type=\"divider.default\">\n\t\t\t\t<div class=\"elementor-widget-container\">\n\t\t\t\t\t\t\t<div class=\"elementor-divider\">\n\t\t\t<span class=\"elementor-divider-separator\">\n\t\t\t\t\t\t<\/span>\n\t\t<\/div>\n\t\t\t\t\t\t<\/div>\n\t\t\t\t<\/div>\n\t\t\t\t<\/div>\n\t\t<div class=\"elementor-element elementor-element-a508e92 e-con-full e-flex e-con e-child\" data-id=\"a508e92\" data-element_type=\"container\" data-e-type=\"container\">\n\t\t<div class=\"elementor-element elementor-element-fa002aa e-grid e-con-full e-con e-child\" data-id=\"fa002aa\" data-element_type=\"container\" data-e-type=\"container\">\n\t\t\t\t<div class=\"elementor-element elementor-element-8ae2417 elementor-widget elementor-widget-text-editor\" data-id=\"8ae2417\" data-element_type=\"widget\" data-e-type=\"widget\" data-widget_type=\"text-editor.default\">\n\t\t\t\t<div class=\"elementor-widget-container\">\n\t\t\t\t\t\t\t\t\t<p>Wir sind smartextract, eine Marke der <a href=\"https:\/\/dida.do\/\" target=\"_blank\" rel=\"noopener\">dida Datenschmiede GmbH<\/a> \u2013 einer der <strong>f\u00fchrenden KI-Agenturen<\/strong> in Deutschland mit Sitz in Berlin. dida hat Unternehmen wie <strong>Idealo<\/strong>, die <strong>Deutsche Bahn<\/strong> und <strong>Carl Zeiss<\/strong> mit innovativen KI-L\u00f6sungen erfolgreich unterst\u00fctzt.<\/p><p>\u00a0<\/p><p>\u00dcber Jahre hinweg haben wir ma\u00dfgeschneiderte KI-L\u00f6sungen f\u00fcr Gro\u00dfunternehmen und die \u00f6ffentliche Hand entwickelt \u2013 insbesondere im Bereich der automatisierten Dokumentenverarbeitung.<\/p><p>\u00a0<\/p><p>Unsere Erfahrung und der Wunsch, Enterprise-Technologie zu mittelstandsfreundlichen Preisen bereitzustellen, haben zur Entwicklung von smartextract gef\u00fchrt.<\/p><p>\u00a0<\/p><p>Privatsph\u00e4re von Anfang an: Unsere KI-Infrastruktur ist 100% DSGVO-konform und smartextract kann bei Bedarf als On-Premise\u00a0 L\u00f6sung betrieben werden.<\/p>\t\t\t\t\t\t\t\t<\/div>\n\t\t\t\t<\/div>\n\t\t\t\t<div class=\"elementor-element elementor-element-e830398 elementor-widget elementor-widget-image\" data-id=\"e830398\" data-element_type=\"widget\" data-e-type=\"widget\" data-widget_type=\"image.default\">\n\t\t\t\t<div class=\"elementor-widget-container\">\n\t\t\t\t\t\t\t\t\t\t\t\t\t\t\t<img fetchpriority=\"high\" decoding=\"async\" width=\"640\" height=\"445\" src=\"https:\/\/smartextract.ai\/wp-content\/uploads\/2024\/08\/group-1-1024x712.png\" class=\"attachment-large size-large wp-image-26707\" alt=\"\" srcset=\"https:\/\/smartextract.ai\/wp-content\/uploads\/2024\/08\/group-1-1024x712.png 1024w, https:\/\/smartextract.ai\/wp-content\/uploads\/2024\/08\/group-1-300x209.png 300w, https:\/\/smartextract.ai\/wp-content\/uploads\/2024\/08\/group-1-768x534.png 768w, https:\/\/smartextract.ai\/wp-content\/uploads\/2024\/08\/group-1-1536x1068.png 1536w, https:\/\/smartextract.ai\/wp-content\/uploads\/2024\/08\/group-1-2048x1424.png 2048w\" sizes=\"(max-width: 640px) 100vw, 640px\" \/>\t\t\t\t\t\t\t\t\t\t\t\t\t\t\t<\/div>\n\t\t\t\t<\/div>\n\t\t\t\t<\/div>\n\t\t\t\t<\/div>\n\t\t\t\t\t<\/div>\n\t\t\t\t<\/div>\n\t\t<div class=\"elementor-element elementor-element-4c1c8bb e-flex e-con-boxed e-con e-parent\" data-id=\"4c1c8bb\" data-element_type=\"container\" data-e-type=\"container\">\n\t\t\t\t\t<div class=\"e-con-inner\">\n\t\t<div class=\"elementor-element elementor-element-3958476 e-con-full e-flex e-con e-child\" data-id=\"3958476\" data-element_type=\"container\" data-e-type=\"container\">\n\t\t\t\t<div class=\"elementor-element elementor-element-e1e171b elementor-widget__width-initial elementor-widget elementor-widget-heading\" data-id=\"e1e171b\" data-element_type=\"widget\" data-e-type=\"widget\" data-widget_type=\"heading.default\">\n\t\t\t\t<div class=\"elementor-widget-container\">\n\t\t\t\t\t<h2 class=\"elementor-heading-title elementor-size-default\">\u00dcber uns<\/h2>\t\t\t\t<\/div>\n\t\t\t\t<\/div>\n\t\t\t\t<div class=\"elementor-element elementor-element-ee67fdc elementor-widget-divider--view-line elementor-widget elementor-widget-divider\" data-id=\"ee67fdc\" data-element_type=\"widget\" data-e-type=\"widget\" data-widget_type=\"divider.default\">\n\t\t\t\t<div class=\"elementor-widget-container\">\n\t\t\t\t\t\t\t<div class=\"elementor-divider\">\n\t\t\t<span class=\"elementor-divider-separator\">\n\t\t\t\t\t\t<\/span>\n\t\t<\/div>\n\t\t\t\t\t\t<\/div>\n\t\t\t\t<\/div>\n\t\t\t\t<\/div>\n\t\t<div class=\"elementor-element elementor-element-8d72ae0 e-con-full e-flex e-con e-child\" data-id=\"8d72ae0\" data-element_type=\"container\" data-e-type=\"container\">\n\t\t<div class=\"elementor-element elementor-element-3e5c1eb e-con-full e-flex e-con e-child\" data-id=\"3e5c1eb\" data-element_type=\"container\" data-e-type=\"container\">\n\t\t<div class=\"elementor-element elementor-element-1a75ccd e-grid e-con-full e-con e-child\" data-id=\"1a75ccd\" data-element_type=\"container\" data-e-type=\"container\">\n\t\t\t\t<div class=\"elementor-element elementor-element-cfdd55f elementor-widget elementor-widget-image\" data-id=\"cfdd55f\" data-element_type=\"widget\" data-e-type=\"widget\" data-widget_type=\"image.default\">\n\t\t\t\t<div class=\"elementor-widget-container\">\n\t\t\t\t\t\t\t\t\t\t\t\t\t\t\t<img decoding=\"async\" width=\"253\" height=\"253\" src=\"https:\/\/smartextract.ai\/wp-content\/uploads\/2024\/08\/axel.png\" class=\"attachment-large size-large wp-image-26567\" alt=\"\" srcset=\"https:\/\/smartextract.ai\/wp-content\/uploads\/2024\/08\/axel.png 253w, https:\/\/smartextract.ai\/wp-content\/uploads\/2024\/08\/axel-150x150.png 150w\" sizes=\"(max-width: 253px) 100vw, 253px\" \/>\t\t\t\t\t\t\t\t\t\t\t\t\t\t\t<\/div>\n\t\t\t\t<\/div>\n\t\t<div class=\"elementor-element elementor-element-50c18b7 e-con-full e-flex e-con e-child\" data-id=\"50c18b7\" data-element_type=\"container\" data-e-type=\"container\">\n\t\t<div class=\"elementor-element elementor-element-f5991e1 e-con-full e-flex e-con e-child\" data-id=\"f5991e1\" data-element_type=\"container\" data-e-type=\"container\">\n\t\t<div class=\"elementor-element elementor-element-4a4ec8f e-con-full e-flex e-con e-child\" data-id=\"4a4ec8f\" data-element_type=\"container\" data-e-type=\"container\">\n\t\t\t\t<div class=\"elementor-element elementor-element-0843ac6 elementor-widget elementor-widget-heading\" data-id=\"0843ac6\" data-element_type=\"widget\" data-e-type=\"widget\" data-widget_type=\"heading.default\">\n\t\t\t\t<div class=\"elementor-widget-container\">\n\t\t\t\t\t<h2 class=\"elementor-heading-title elementor-size-default\">Axel Besinger<\/h2>\t\t\t\t<\/div>\n\t\t\t\t<\/div>\n\t\t\t\t<\/div>\n\t\t<div class=\"elementor-element elementor-element-1649995 e-con-full e-flex e-con e-child\" data-id=\"1649995\" data-element_type=\"container\" data-e-type=\"container\">\n\t\t\t\t<div class=\"elementor-element elementor-element-01be15f elementor-widget elementor-widget-text-editor\" data-id=\"01be15f\" data-element_type=\"widget\" data-e-type=\"widget\" data-widget_type=\"text-editor.default\">\n\t\t\t\t<div class=\"elementor-widget-container\">\n\t\t\t\t\t\t\t\t\t<p>VP Product &amp; Growth<\/p>\t\t\t\t\t\t\t\t<\/div>\n\t\t\t\t<\/div>\n\t\t\t\t<\/div>\n\t\t\t\t<\/div>\n\t\t<div class=\"elementor-element elementor-element-bf63985 e-con-full e-flex e-con e-child\" data-id=\"bf63985\" data-element_type=\"container\" data-e-type=\"container\">\n\t\t\t\t<div class=\"elementor-element elementor-element-77d65b9 elementor-widget elementor-widget-text-editor\" data-id=\"77d65b9\" data-element_type=\"widget\" data-e-type=\"widget\" data-widget_type=\"text-editor.default\">\n\t\t\t\t<div class=\"elementor-widget-container\">\n\t\t\t\t\t\t\t\t\t<p>Axel ist ein erfahrener Produktspezialist, der sich durch die Entwicklung und Markteinf\u00fchrung innovativer Softwarel\u00f6sungen zur L\u00f6sung komplexer Gesch\u00e4ftsprobleme auszeichnet. Er verf\u00fcgt \u00fcber umfangreiche Erfahrungen sowohl im Produktmanagement als auch in der Gesch\u00e4ftsentwicklung. Er hat einen Master-Abschluss in Digitaler Medientechnologie von der TU Ilmenau, was ihm ein fundiertes Verst\u00e4ndnis sowohl f\u00fcr die technischen als auch f\u00fcr die wirtschaftlichen Aspekte der Produktentwicklung vermittelt.<\/p>\t\t\t\t\t\t\t\t<\/div>\n\t\t\t\t<\/div>\n\t\t\t\t<\/div>\n\t\t\t\t<\/div>\n\t\t\t\t<\/div>\n\t\t\t\t<\/div>\n\t\t\t\t<div class=\"elementor-element elementor-element-514f31c elementor-widget-divider--view-line elementor-widget elementor-widget-divider\" data-id=\"514f31c\" data-element_type=\"widget\" data-e-type=\"widget\" data-widget_type=\"divider.default\">\n\t\t\t\t<div class=\"elementor-widget-container\">\n\t\t\t\t\t\t\t<div class=\"elementor-divider\">\n\t\t\t<span class=\"elementor-divider-separator\">\n\t\t\t\t\t\t<\/span>\n\t\t<\/div>\n\t\t\t\t\t\t<\/div>\n\t\t\t\t<\/div>\n\t\t<div class=\"elementor-element elementor-element-0aa3b68 e-con-full e-flex e-con e-child\" data-id=\"0aa3b68\" data-element_type=\"container\" data-e-type=\"container\">\n\t\t<div class=\"elementor-element elementor-element-60f97c9 e-grid e-con-full e-con e-child\" data-id=\"60f97c9\" data-element_type=\"container\" data-e-type=\"container\">\n\t\t<div class=\"elementor-element elementor-element-211c737 e-con-full e-flex e-con e-child\" data-id=\"211c737\" data-element_type=\"container\" data-e-type=\"container\">\n\t\t<div class=\"elementor-element elementor-element-274343f e-con-full e-flex e-con e-child\" data-id=\"274343f\" data-element_type=\"container\" data-e-type=\"container\">\n\t\t<div class=\"elementor-element elementor-element-1dc52e3 e-con-full e-flex e-con e-child\" data-id=\"1dc52e3\" data-element_type=\"container\" data-e-type=\"container\">\n\t\t\t\t<div class=\"elementor-element elementor-element-1fb823d elementor-widget elementor-widget-heading\" data-id=\"1fb823d\" data-element_type=\"widget\" data-e-type=\"widget\" data-widget_type=\"heading.default\">\n\t\t\t\t<div class=\"elementor-widget-container\">\n\t\t\t\t\t<h2 class=\"elementor-heading-title elementor-size-default\">Augusto Stoffel<\/h2>\t\t\t\t<\/div>\n\t\t\t\t<\/div>\n\t\t\t\t<\/div>\n\t\t<div class=\"elementor-element elementor-element-177229c e-con-full e-flex e-con e-child\" data-id=\"177229c\" data-element_type=\"container\" data-e-type=\"container\">\n\t\t\t\t<div class=\"elementor-element elementor-element-63f816d elementor-widget elementor-widget-text-editor\" data-id=\"63f816d\" data-element_type=\"widget\" data-e-type=\"widget\" data-widget_type=\"text-editor.default\">\n\t\t\t\t<div class=\"elementor-widget-container\">\n\t\t\t\t\t\t\t\t\t<p>VP Engineering<\/p>\t\t\t\t\t\t\t\t<\/div>\n\t\t\t\t<\/div>\n\t\t\t\t<\/div>\n\t\t\t\t<\/div>\n\t\t<div class=\"elementor-element elementor-element-5e42525 e-con-full e-flex e-con e-child\" data-id=\"5e42525\" data-element_type=\"container\" data-e-type=\"container\">\n\t\t\t\t<div class=\"elementor-element elementor-element-c9f78de elementor-widget elementor-widget-text-editor\" data-id=\"c9f78de\" data-element_type=\"widget\" data-e-type=\"widget\" data-widget_type=\"text-editor.default\">\n\t\t\t\t<div class=\"elementor-widget-container\">\n\t\t\t\t\t\t\t\t\t<p>Augusto studierte Informatik in Brasilien und promovierte in Mathematik (University of Notre Dame, USA). Vor seiner Zeit bei dida war er Postdoktorand in Bonn und Greifswald und forschte auf dem Gebiet der algebraischen Topologie und ihrer Anwendung als Grundlage f\u00fcr die Quantenfeldtheorie.<\/p>\t\t\t\t\t\t\t\t<\/div>\n\t\t\t\t<\/div>\n\t\t\t\t<\/div>\n\t\t\t\t<\/div>\n\t\t\t\t<div class=\"elementor-element elementor-element-fe7c552 elementor-widget elementor-widget-image\" data-id=\"fe7c552\" data-element_type=\"widget\" data-e-type=\"widget\" data-widget_type=\"image.default\">\n\t\t\t\t<div class=\"elementor-widget-container\">\n\t\t\t\t\t\t\t\t\t\t\t\t\t\t\t<img decoding=\"async\" width=\"253\" height=\"253\" src=\"https:\/\/smartextract.ai\/wp-content\/uploads\/2024\/08\/augusto.png\" class=\"attachment-large size-large wp-image-26568\" alt=\"\" srcset=\"https:\/\/smartextract.ai\/wp-content\/uploads\/2024\/08\/augusto.png 253w, https:\/\/smartextract.ai\/wp-content\/uploads\/2024\/08\/augusto-150x150.png 150w\" sizes=\"(max-width: 253px) 100vw, 253px\" \/>\t\t\t\t\t\t\t\t\t\t\t\t\t\t\t<\/div>\n\t\t\t\t<\/div>\n\t\t\t\t<\/div>\n\t\t\t\t<\/div>\n\t\t\t\t<div class=\"elementor-element elementor-element-b0d4e54 elementor-widget-divider--view-line elementor-widget elementor-widget-divider\" data-id=\"b0d4e54\" data-element_type=\"widget\" data-e-type=\"widget\" data-widget_type=\"divider.default\">\n\t\t\t\t<div class=\"elementor-widget-container\">\n\t\t\t\t\t\t\t<div class=\"elementor-divider\">\n\t\t\t<span class=\"elementor-divider-separator\">\n\t\t\t\t\t\t<\/span>\n\t\t<\/div>\n\t\t\t\t\t\t<\/div>\n\t\t\t\t<\/div>\n\t\t<div class=\"elementor-element elementor-element-097e4bf e-con-full e-flex e-con e-child\" data-id=\"097e4bf\" data-element_type=\"container\" data-e-type=\"container\">\n\t\t<div class=\"elementor-element elementor-element-4f80ca0 e-grid e-con-full e-con e-child\" data-id=\"4f80ca0\" data-element_type=\"container\" data-e-type=\"container\">\n\t\t\t\t<div class=\"elementor-element elementor-element-2b9b2cd elementor-widget elementor-widget-image\" data-id=\"2b9b2cd\" data-element_type=\"widget\" data-e-type=\"widget\" data-widget_type=\"image.default\">\n\t\t\t\t<div class=\"elementor-widget-container\">\n\t\t\t\t\t\t\t\t\t\t\t\t\t\t\t<img loading=\"lazy\" decoding=\"async\" width=\"253\" height=\"253\" src=\"https:\/\/smartextract.ai\/wp-content\/uploads\/2024\/08\/Mari.png\" class=\"attachment-large size-large wp-image-26571\" alt=\"\" srcset=\"https:\/\/smartextract.ai\/wp-content\/uploads\/2024\/08\/Mari.png 253w, https:\/\/smartextract.ai\/wp-content\/uploads\/2024\/08\/Mari-150x150.png 150w\" sizes=\"(max-width: 253px) 100vw, 253px\" \/>\t\t\t\t\t\t\t\t\t\t\t\t\t\t\t<\/div>\n\t\t\t\t<\/div>\n\t\t<div class=\"elementor-element elementor-element-ef219b1 e-con-full e-flex e-con e-child\" data-id=\"ef219b1\" data-element_type=\"container\" data-e-type=\"container\">\n\t\t<div class=\"elementor-element elementor-element-22cb0dc e-con-full e-flex e-con e-child\" data-id=\"22cb0dc\" data-element_type=\"container\" data-e-type=\"container\">\n\t\t<div class=\"elementor-element elementor-element-3f9dcfe e-con-full e-flex e-con e-child\" data-id=\"3f9dcfe\" data-element_type=\"container\" data-e-type=\"container\">\n\t\t\t\t<div class=\"elementor-element elementor-element-e667b1f elementor-widget elementor-widget-heading\" data-id=\"e667b1f\" data-element_type=\"widget\" data-e-type=\"widget\" data-widget_type=\"heading.default\">\n\t\t\t\t<div class=\"elementor-widget-container\">\n\t\t\t\t\t<h2 class=\"elementor-heading-title elementor-size-default\">Mariangela Rita Filardi<\/h2>\t\t\t\t<\/div>\n\t\t\t\t<\/div>\n\t\t\t\t<\/div>\n\t\t<div class=\"elementor-element elementor-element-32bc93d e-con-full e-flex e-con e-child\" data-id=\"32bc93d\" data-element_type=\"container\" data-e-type=\"container\">\n\t\t\t\t<div class=\"elementor-element elementor-element-c8e1f63 elementor-widget elementor-widget-text-editor\" data-id=\"c8e1f63\" data-element_type=\"widget\" data-e-type=\"widget\" data-widget_type=\"text-editor.default\">\n\t\t\t\t<div class=\"elementor-widget-container\">\n\t\t\t\t\t\t\t\t\t<p>Lead Frontend Engineer<\/p>\t\t\t\t\t\t\t\t<\/div>\n\t\t\t\t<\/div>\n\t\t\t\t<\/div>\n\t\t\t\t<\/div>\n\t\t<div class=\"elementor-element elementor-element-15f365d e-con-full e-flex e-con e-child\" data-id=\"15f365d\" data-element_type=\"container\" data-e-type=\"container\">\n\t\t\t\t<div class=\"elementor-element elementor-element-fa4f084 elementor-widget elementor-widget-text-editor\" data-id=\"fa4f084\" data-element_type=\"widget\" data-e-type=\"widget\" data-widget_type=\"text-editor.default\">\n\t\t\t\t<div class=\"elementor-widget-container\">\n\t\t\t\t\t\t\t\t\t<p>Mit ihrem Hintergrund als \u00dcbersetzerin und einer frischen Leidenschaft f\u00fcr das Programmieren bringt Mariangela eine einzigartige Perspektive in die Frontend-Entwicklung ein. Unter Einhaltung der wichtigsten Prinzipien der Frontend-Entwicklung, wie responsiven Layouts, reibungslosen Benutzerinteraktionen und Barrierefreiheit, tr\u00e4gt sie aktiv dazu bei, dass jedes Projekt mit Pr\u00e4zision ausgef\u00fchrt wird. Mariangela setzt sich daf\u00fcr ein, die Benutzerinteraktionen mit unserer Software neu zu gestalten, wobei sie sowohl auf Funktionalit\u00e4t als auch auf eine angenehme Benutzererfahrung Wert legt.<\/p>\t\t\t\t\t\t\t\t<\/div>\n\t\t\t\t<\/div>\n\t\t\t\t<\/div>\n\t\t\t\t<\/div>\n\t\t\t\t<\/div>\n\t\t\t\t<\/div>\n\t\t\t\t<\/div>\n\t\t\t\t\t<\/div>\n\t\t\t\t<\/div>\n\t\t<div class=\"elementor-element elementor-element-e6f76d5 e-flex e-con-boxed e-con e-parent\" data-id=\"e6f76d5\" data-element_type=\"container\" data-e-type=\"container\">\n\t\t\t\t\t<div class=\"e-con-inner\">\n\t\t<div class=\"elementor-element elementor-element-4d80fc40 e-con-full e-flex e-con e-child\" data-id=\"4d80fc40\" data-element_type=\"container\" data-e-type=\"container\">\n\t\t\t\t<div class=\"elementor-element elementor-element-2504e639 elementor-widget elementor-widget-heading\" data-id=\"2504e639\" data-element_type=\"widget\" data-e-type=\"widget\" data-widget_type=\"heading.default\">\n\t\t\t\t<div class=\"elementor-widget-container\">\n\t\t\t\t\t<h2 class=\"elementor-heading-title elementor-size-default\">Lernen Sie uns kennen<\/h2>\t\t\t\t<\/div>\n\t\t\t\t<\/div>\n\t\t\t\t<div class=\"elementor-element elementor-element-195e7ddf elementor-widget-divider--view-line elementor-widget elementor-widget-divider\" data-id=\"195e7ddf\" data-element_type=\"widget\" data-e-type=\"widget\" data-widget_type=\"divider.default\">\n\t\t\t\t<div class=\"elementor-widget-container\">\n\t\t\t\t\t\t\t<div class=\"elementor-divider\">\n\t\t\t<span class=\"elementor-divider-separator\">\n\t\t\t\t\t\t<\/span>\n\t\t<\/div>\n\t\t\t\t\t\t<\/div>\n\t\t\t\t<\/div>\n\t\t\t\t<div class=\"elementor-element elementor-element-44117230 elementor-widget elementor-widget-text-editor\" data-id=\"44117230\" data-element_type=\"widget\" data-e-type=\"widget\" data-widget_type=\"text-editor.default\">\n\t\t\t\t<div class=\"elementor-widget-container\">\n\t\t\t\t\t\t\t\t\t<p>Sie haben Fragen? Lassen Sie sich von unseren KI-Experten kostenlos beraten.<\/p>\t\t\t\t\t\t\t\t<\/div>\n\t\t\t\t<\/div>\n\t\t\t\t<\/div>\n\t\t<div class=\"elementor-element elementor-element-7727f75 e-con-full e-flex e-con e-child\" data-id=\"7727f75\" data-element_type=\"container\" data-e-type=\"container\" data-settings=\"{&quot;background_background&quot;:&quot;classic&quot;}\">\n\t\t\t\t<div class=\"elementor-element elementor-element-361c50f6 elementor-widget elementor-widget-heading\" data-id=\"361c50f6\" data-element_type=\"widget\" data-e-type=\"widget\" data-widget_type=\"heading.default\">\n\t\t\t\t<div class=\"elementor-widget-container\">\n\t\t\t\t\t<h2 class=\"elementor-heading-title elementor-size-default\">Kontaktieren Sie uns.<\/h2>\t\t\t\t<\/div>\n\t\t\t\t<\/div>\n\t\t\t\t<div class=\"elementor-element elementor-element-76a7cc3d elementor-button-align-stretch elementor-widget elementor-widget-form\" data-id=\"76a7cc3d\" data-element_type=\"widget\" data-e-type=\"widget\" data-settings=\"{&quot;step_next_label&quot;:&quot;Next&quot;,&quot;step_previous_label&quot;:&quot;Previous&quot;,&quot;button_width&quot;:&quot;100&quot;,&quot;step_type&quot;:&quot;number_text&quot;,&quot;step_icon_shape&quot;:&quot;circle&quot;}\" data-widget_type=\"form.default\">\n\t\t\t\t<div class=\"elementor-widget-container\">\n\t\t\t\t\t\t\t<form class=\"elementor-form\" method=\"post\" name=\"Contact Us\" aria-label=\"Contact Us\">\n\t\t\t<input type=\"hidden\" name=\"post_id\" value=\"26515\"\/>\n\t\t\t<input type=\"hidden\" name=\"form_id\" value=\"76a7cc3d\"\/>\n\t\t\t<input type=\"hidden\" name=\"referer_title\" value=\"\u00dcber uns - Automatisierte Dokumentenverarbeitung mit KI\" \/>\n\n\t\t\t\t\t\t\t<input type=\"hidden\" name=\"queried_id\" value=\"26515\"\/>\n\t\t\t\n\t\t\t<div class=\"elementor-form-fields-wrapper elementor-labels-above\">\n\t\t\t\t\t\t\t\t<div class=\"elementor-field-type-text elementor-field-group elementor-column elementor-field-group-name elementor-col-100 elementor-field-required\">\n\t\t\t\t\t\t\t\t\t\t\t\t<label for=\"form-field-name\" class=\"elementor-field-label\">\n\t\t\t\t\t\t\t\tName\t\t\t\t\t\t\t<\/label>\n\t\t\t\t\t\t\t\t\t\t\t\t\t\t<input size=\"1\" type=\"text\" name=\"form_fields[name]\" id=\"form-field-name\" class=\"elementor-field elementor-size-sm  elementor-field-textual\" required=\"required\">\n\t\t\t\t\t\t\t\t\t\t\t<\/div>\n\t\t\t\t\t\t\t\t<div class=\"elementor-field-type-email elementor-field-group elementor-column elementor-field-group-email elementor-col-100 elementor-field-required\">\n\t\t\t\t\t\t\t\t\t\t\t\t<label for=\"form-field-email\" class=\"elementor-field-label\">\n\t\t\t\t\t\t\t\tEmail\t\t\t\t\t\t\t<\/label>\n\t\t\t\t\t\t\t\t\t\t\t\t\t\t<input size=\"1\" type=\"email\" name=\"form_fields[email]\" id=\"form-field-email\" class=\"elementor-field elementor-size-sm  elementor-field-textual\" required=\"required\">\n\t\t\t\t\t\t\t\t\t\t\t<\/div>\n\t\t\t\t\t\t\t\t<div class=\"elementor-field-type-textarea elementor-field-group elementor-column elementor-field-group-message elementor-col-100 elementor-field-required\">\n\t\t\t\t\t\t\t\t\t\t\t\t<label for=\"form-field-message\" class=\"elementor-field-label\">\n\t\t\t\t\t\t\t\tMessage\t\t\t\t\t\t\t<\/label>\n\t\t\t\t\t\t<textarea class=\"elementor-field-textual elementor-field  elementor-size-sm\" name=\"form_fields[message]\" id=\"form-field-message\" rows=\"4\" required=\"required\"><\/textarea>\t\t\t\t<\/div>\n\t\t\t\t\t\t\t\t<div class=\"elementor-field-group elementor-column elementor-field-type-submit elementor-col-100 e-form__buttons\">\n\t\t\t\t\t<button class=\"elementor-button elementor-size-sm\" type=\"submit\">\n\t\t\t\t\t\t<span class=\"elementor-button-content-wrapper\">\n\t\t\t\t\t\t\t\t\t\t\t\t\t\t\t\t\t\t\t\t\t\t<span class=\"elementor-button-text\">Senden<\/span>\n\t\t\t\t\t\t\t\t\t\t\t\t\t<\/span>\n\t\t\t\t\t<\/button>\n\t\t\t\t<\/div>\n\t\t\t<\/div>\n\t\t<\/form>\n\t\t\t\t\t\t<\/div>\n\t\t\t\t<\/div>\n\t\t\t\t<\/div>\n\t\t\t\t\t<\/div>\n\t\t\t\t<\/div>\n\t\t\t\t<\/div>\n\t\t","protected":false},"excerpt":{"rendered":"<p>Wer Sind Wir? Wir sind smartextract, eine Marke der dida Datenschmiede GmbH \u2013 einer der f\u00fchrenden KI-Agenturen in Deutschland mit Sitz in Berlin. dida hat<\/p>\n","protected":false},"author":6854,"featured_media":0,"parent":0,"menu_order":0,"comment_status":"closed","ping_status":"closed","template":"","meta":{"_acf_changed":false,"_gspb_post_css":"","inline_featured_image":false,"footnotes":""},"class_list":["post-26515","page","type-page","status-publish","hentry"],"acf":[],"_links":{"self":[{"href":"https:\/\/smartextract.ai\/de\/wp-json\/wp\/v2\/pages\/26515","targetHints":{"allow":["GET"]}}],"collection":[{"href":"https:\/\/smartextract.ai\/de\/wp-json\/wp\/v2\/pages"}],"about":[{"href":"https:\/\/smartextract.ai\/de\/wp-json\/wp\/v2\/types\/page"}],"author":[{"embeddable":true,"href":"https:\/\/smartextract.ai\/de\/wp-json\/wp\/v2\/users\/6854"}],"replies":[{"embeddable":true,"href":"https:\/\/smartextract.ai\/de\/wp-json\/wp\/v2\/comments?post=26515"}],"version-history":[{"count":25,"href":"https:\/\/smartextract.ai\/de\/wp-json\/wp\/v2\/pages\/26515\/revisions"}],"predecessor-version":[{"id":30413,"href":"https:\/\/smartextract.ai\/de\/wp-json\/wp\/v2\/pages\/26515\/revisions\/30413"}],"wp:attachment":[{"href":"https:\/\/smartextract.ai\/de\/wp-json\/wp\/v2\/media?parent=26515"}],"curies":[{"name":"wp","href":"https:\/\/api.w.org\/{rel}","templated":true}]}}